{"id":39,"date":"2023-09-20T18:52:16","date_gmt":"2023-09-20T18:52:16","guid":{"rendered":"https:\/\/signalert.pl\/index.php\/produkt\/usluga-signalert\/"},"modified":"2023-12-06T18:08:39","modified_gmt":"2023-12-06T18:08:39","slug":"usluga-signalert","status":"publish","type":"product","link":"https:\/\/signalert.pl\/index.php\/produkt\/usluga-signalert\/","title":{"rendered":"Pakiet PREMIUM"},"content":{"rendered":"<p>Maj\u0105c na uwadze potrzeb\u0119 doskonalenia proces\u00f3w biznesowych swojej firmy dajemy mo\u017cliwo\u015b\u0107 Twoim pracownikom anonimowego&#8230;<\/p>\n","protected":false},"excerpt":{"rendered":"<p>Kalkulacja indywidualna<\/p>\n","protected":false},"featured_media":24,"template":"","meta":[],"product_brand":[],"product_cat":[15],"product_tag":[],"class_list":{"0":"post-39","1":"product","2":"type-product","3":"status-publish","4":"has-post-thumbnail","6":"product_cat-bez-kategorii","8":"first","9":"instock","10":"virtual","11":"sold-individually","12":"taxable","13":"product-type-simple"},"jetpack_sharing_enabled":true,"_links":{"self":[{"href":"https:\/\/signalert.pl\/index.php\/wp-json\/wp\/v2\/product\/39","targetHints":{"allow":["GET"]}}],"collection":[{"href":"https:\/\/signalert.pl\/index.php\/wp-json\/wp\/v2\/product"}],"about":[{"href":"https:\/\/signalert.pl\/index.php\/wp-json\/wp\/v2\/types\/product"}],"wp:featuredmedia":[{"embeddable":true,"href":"https:\/\/signalert.pl\/index.php\/wp-json\/wp\/v2\/media\/24"}],"wp:attachment":[{"href":"https:\/\/signalert.pl\/index.php\/wp-json\/wp\/v2\/media?parent=39"}],"wp:term":[{"taxonomy":"product_brand","embeddable":true,"href":"https:\/\/signalert.pl\/index.php\/wp-json\/wp\/v2\/product_brand?post=39"},{"taxonomy":"product_cat","embeddable":true,"href":"https:\/\/signalert.pl\/index.php\/wp-json\/wp\/v2\/product_cat?post=39"},{"taxonomy":"product_tag","embeddable":true,"href":"https:\/\/signalert.pl\/index.php\/wp-json\/wp\/v2\/product_tag?post=39"}],"curies":[{"name":"wp","href":"https:\/\/api.w.org\/{rel}","templated":true}]}}