{"id":51,"date":"2023-09-20T19:32:32","date_gmt":"2023-09-20T19:32:32","guid":{"rendered":"https:\/\/signalert.pl\/index.php\/51-2\/"},"modified":"2026-03-16T19:20:38","modified_gmt":"2026-03-16T18:20:38","slug":"kontakt","status":"publish","type":"page","link":"https:\/\/signalert.pl\/index.php\/kontakt\/","title":{"rendered":"Kontakt"},"content":{"rendered":"\n    \n    <section class=\"u-clearfix u-gradient u-section-2\" id=\"sec-34d5\">\n      <div class=\"u-clearfix u-sheet u-valign-middle u-sheet-1\">\n        <p class=\"u-text u-text-default u-text-1\">Skontaktuj si\u0119 z nami<\/p>\n      <\/div>\n    <\/section>\n    <section class=\"u-align-center u-clearfix u-container-align-center u-section-3\" id=\"sec-46dc\">\n      <div class=\"u-clearfix u-sheet u-sheet-1\">\n        <div class=\"data-layout-selected u-clearfix u-expanded-width u-gutter-10 u-layout-wrap u-layout-wrap-1\">\n          <div class=\"u-gutter-0 u-layout\" style=\"\">\n            <div class=\"u-layout-row\" style=\"\">\n              <div class=\"u-size-30\" style=\"\">\n                <div class=\"u-layout-col\" style=\"\">\n                  <div class=\"u-align-left u-container-align-left u-container-style u-layout-cell u-left-cell u-size-60 u-layout-cell-1\" data-animation-name=\"customAnimationIn\" data-animation-duration=\"1000\" data-animation-out=\"0\">\n                    <div class=\"u-container-layout u-container-layout-1\">\n                      <h2 class=\"u-align-left-sm u-align-left-xs u-text u-text-1\">signAler\u200bt Sp. z o.o.<\/h2>\n                      <p class=\"u-text u-text-2\">ul. \u200bMieczys\u0142awa Kar\u0142owicza 13\/5<br>40-145 Katowice<br>KRS: 0000754700<br>NIP: 9542798022<br>\n                        <a href=\"mailto:poczta@signalert.pl\" class=\"u-active-none u-border-none u-btn u-button-link u-button-style u-hover-none u-none u-text-palette-1-base u-btn-1\">biuro@signalert.pl<\/a>\n                      <\/p>\n                      <img decoding=\"async\" class=\"u-image u-image-default u-image-1\" src=\"https:\/\/signalert.pl\/wp-content\/uploads\/2025\/10\/ZdjeciesignAlertMP.png\" alt=\"\" data-image-width=\"637\" data-image-height=\"785\">\n                      <p class=\"u-text u-text-3\"><span style=\"font-style: italic;\"> Prezes&nbsp;<span style=\"font-style: italic;\">Zarz\u0105du&nbsp;<\/span><\/span><i style=\"\"><b>Marcelina Przykaza<\/b>\n                          <br>+48 \u200b731 696 129<br>\n                          <a href=\"mailto:marcelina.przykaza@signalert.pl\" target=\"_blank\" class=\"u-active-none u-border-none u-btn u-button-link u-button-style u-hover-none u-none u-text-palette-1-base u-btn-2\">marcelina.przykaza@signalert.pl<\/a><\/i>\n                      <\/p>\n                      <img decoding=\"async\" class=\"u-image u-image-default u-image-2\" src=\"https:\/\/signalert.pl\/wp-content\/uploads\/2025\/10\/ZdjeciesignAlertMW.png\" alt=\"\" data-image-width=\"1274\" data-image-height=\"1570\">\n                      <p class=\"u-text u-text-4\"> Compliance Strategy Advisor&nbsp;<i><b>Mateusz Warcha\u0142<\/b>\n                          <br>+48 502 333 235<br>\n                          <a href=\"mailto:mateusz.warchal@fourlex.pl\" class=\"u-active-none u-border-none u-btn u-button-link u-button-style u-custom-font u-hover-none u-none u-text-palette-1-base u-btn-3\">mateusz.warchal@fourlex.pl<\/a><\/i>\n                      <\/p>\n                      <p class=\"u-text u-text-5\"> W przypadku potrzeby kontaktu w sprawach technicznych zwi\u0105zanych z obs\u0142ug\u0105 systemu PROLEGAL24 dostarczanego przez signAlert skontaktuj si\u0119 z nami na bezpieczny i zapewniaj\u0105cy poufno\u015b\u0107 adres e-mail:&nbsp;<a href=\"mailto:pomoc@prolegal24.pl\" class=\"mailto-link u-active-none u-border-none u-btn u-button-style u-custom-font u-hover-none u-none u-text-palette-1-base u-btn-4\" target=\"_blank\">pomoc@prolegal24.pl<\/a>&nbsp;<br>\n                      <\/p>\n                    <\/div>\n                  <\/div>\n                <\/div>\n              <\/div>\n              <div class=\"u-size-30\">\n                <div class=\"u-layout-col\">\n                  <div class=\"u-align-left u-container-align-left u-container-style u-layout-cell u-right-cell u-size-60 u-layout-cell-2\" data-animation-name=\"customAnimationIn\" data-animation-duration=\"1000\">\n                    <div class=\"u-container-layout u-container-layout-2\">\n                      <div class=\"u-expanded u-grey-light-2 u-map\">\n                        <div class=\"embed-responsive\">\n                          <iframe class=\"embed-responsive-item\" src=\"https:\/\/maps.google.com\/maps?output=embed&amp;q=Katowice%2C%20Mieczys%C5%82awa%20Kar%C5%82owicza%2013%2F5&amp;z=16&amp;t=m\" data-map=\"JTdCJTIycG9zaXRpb25UeXBlJTIyJTNBJTIybWFwLWFkZHJlc3MlMjIlMkMlMjJhZGRyZXNzJTIyJTNBJTIyS2F0b3dpY2UlMkMlMjBNaWVjenlzJUM1JTgyYXdhJTIwS2FyJUM1JTgyb3dpY3phJTIwMTMlMkY1JTIyJTJDJTIyem9vbSUyMiUzQTE2JTJDJTIydHlwZUlkJTIyJTNBJTIycm9hZCUyMiUyQyUyMmxhbmclMjIlM0ElMjIlMjIlN0Q=\"><\/iframe>\n                        <\/div>\n                      <\/div>\n                    <\/div>\n                  <\/div>\n                <\/div>\n              <\/div>\n            <\/div>\n          <\/div>\n        <\/div>\n      <\/div>\n    <\/section>\n    \n    \n    \n  \n","protected":false},"excerpt":{"rendered":"<p>Skontaktuj si\u0119 z nami signAler\u200bt Sp. z o.o. ul. \u200bMieczys\u0142awa Kar\u0142owicza 13\/540-145 KatowiceKRS: 0000754700NIP: 9542798022 biuro@signalert.pl Prezes&nbsp;Zarz\u0105du&nbsp;Marcelina Przykaza +48 \u200b731 696 129 marcelina.przykaza@signalert.pl Compliance Strategy Advisor&nbsp;Mateusz Warcha\u0142 +48 502 333 235 mateusz.warchal@fourlex.pl W przypadku potrzeby kontaktu w sprawach technicznych zwi\u0105zanych z obs\u0142ug\u0105 systemu PROLEGAL24 dostarczanego przez signAlert skontaktuj si\u0119 z nami na bezpieczny i zapewniaj\u0105cy &hellip; <a href=\"https:\/\/signalert.pl\/index.php\/kontakt\/\" class=\"more-link\">Continue reading<span class=\"screen-reader-text\"> &#8220;Kontakt&#8221;<\/span><\/a><\/p>\n","protected":false},"author":1,"featured_media":0,"parent":0,"menu_order":0,"comment_status":"closed","ping_status":"closed","template":"","meta":{"footnotes":""},"class_list":["post-51","page","type-page","status-publish","hentry"],"jetpack_sharing_enabled":true,"_links":{"self":[{"href":"https:\/\/signalert.pl\/index.php\/wp-json\/wp\/v2\/pages\/51","targetHints":{"allow":["GET"]}}],"collection":[{"href":"https:\/\/signalert.pl\/index.php\/wp-json\/wp\/v2\/pages"}],"about":[{"href":"https:\/\/signalert.pl\/index.php\/wp-json\/wp\/v2\/types\/page"}],"author":[{"embeddable":true,"href":"https:\/\/signalert.pl\/index.php\/wp-json\/wp\/v2\/users\/1"}],"replies":[{"embeddable":true,"href":"https:\/\/signalert.pl\/index.php\/wp-json\/wp\/v2\/comments?post=51"}],"version-history":[{"count":33,"href":"https:\/\/signalert.pl\/index.php\/wp-json\/wp\/v2\/pages\/51\/revisions"}],"predecessor-version":[{"id":1202,"href":"https:\/\/signalert.pl\/index.php\/wp-json\/wp\/v2\/pages\/51\/revisions\/1202"}],"wp:attachment":[{"href":"https:\/\/signalert.pl\/index.php\/wp-json\/wp\/v2\/media?parent=51"}],"curies":[{"name":"wp","href":"https:\/\/api.w.org\/{rel}","templated":true}]}}