{"id":3,"date":"2023-08-01T08:30:27","date_gmt":"2023-08-01T08:30:27","guid":{"rendered":"https:\/\/signalert.pl\/?page_id=3"},"modified":"2024-01-23T15:18:49","modified_gmt":"2024-01-23T14:18:49","slug":"polityka-prywatnosci","status":"publish","type":"page","link":"https:\/\/signalert.pl\/index.php\/polityka-prywatnosci\/","title":{"rendered":"Polityka prywatno\u015bci"},"content":{"rendered":"\n    \n    <section class=\"u-clearfix u-section-2\" id=\"sec-4178\">\n      <div class=\"u-clearfix u-sheet u-valign-middle u-sheet-1\">\n        <div class=\"fr-view u-align-center u-clearfix u-rich-text u-text u-text-1\">\n          <h2 style=\"text-align: center; line-height: 1.1;\">\n            <span style=\"font-size: 1.5rem;\">POLITYKA PRYWATNO\u015aCI I COOKIES U\u017bYTKOWNIK\u00d3W SERWISU <a href=\"\/\/WWW.SIGNALERT.pl\">WWW.SIGNALERT.pl<\/a>\n            <\/span>\n          <\/h2>\n          <p style=\"line-height: 1.1; text-align: justify;\">\n            <span style=\"font-size: 1.5rem;\">\n              <br>\n            <\/span>\n          <\/p>\n          <p id=\"isPasted\" style=\"text-align: justify;\">W ramach niniejszej Polityki prywatno\u015bci przedstawiamy najwa\u017cniejsze informacje dotycz\u0105ce przetwarzania przez nas danych osobowych u\u017cytkownik\u00f3w serwisu www.signalert.pl (dalej: serwis) na gruncie Rozporz\u0105dzenia Parlamentu Europejskiego i Rady (UE) 2016\/679 z dnia 27 kwietnia 2016 r. w sprawie ochrony os\u00f3b fizycznych w zwi\u0105zku z przetwarzaniem danych osobowych i w sprawie swobodnego przep\u0142ywu takich danych oraz uchylenia dyrektywy 95\/46\/WE (og\u00f3lne rozporz\u0105dzenie o ochronie danych, dalej: \u201eRODO\u201d).<\/p>\n          <p style=\"text-align: justify;\">Niniejsza Polityka mo\u017ce by\u0107 okresowo modyfikowana. Modyfikacje maj\u0105 na celu uwzgl\u0119dnienie zmian w praktykach dotycz\u0105cych przetwarzania danych osobowych. Istotne zmiany w Polityce b\u0119d\u0105 sygnalizowane za pomoc\u0105 dobrze widocznych komunikat\u00f3w umieszczonych na stronie www lub dodatkowo innymi kana\u0142ami.<\/p>\n          <p style=\"text-align: justify;\">Przetwarzamy dane u\u017cytkownik\u00f3w serwisu w nast\u0119puj\u0105cych celach:<\/p>\n          <p style=\"text-align: justify;\">a. realizacja zam\u00f3wienia lub umowy z klientem albo podj\u0119cie dzia\u0142a\u0144 przed zawarciem umowy, na \u017c\u0105danie klienta, wyra\u017cone w dowolny spos\u00f3b (art. 6 ust. 1 lit. b RODO);<\/p>\n          <p style=\"text-align: justify;\">b. w przypadku pracownik\u00f3w, wsp\u00f3\u0142pracownik\u00f3w oraz przedstawicieli klienta, wyznaczonych do realizacji zam\u00f3wieni i\/lub umowy \u2013 celem przetwarzania danych jest umo\u017cliwienie realizacji zam\u00f3wienia i\/lub umowy zawartej z klientem, co stanowi realizacj\u0119 prawnie uzasadnionego interesu signAlert (art. 6 ust. 1 lit. f RODO),<\/p>\n          <p style=\"text-align: justify;\">c. realizacja obowi\u0105zk\u00f3w wynikaj\u0105cych z przepis\u00f3w prawa, w szczeg\u00f3lno\u015bci ksi\u0119gowych oraz podatkowych (art. 6 ust. 1 lit. c RODO),<\/p>\n          <p style=\"text-align: justify;\">d. cele wskazane w tre\u015bci zg\u00f3d na przetwarzanie danych osobowych \u2013 je\u017celi przetwarzanie danych odbywa si\u0119 na podstawie udzielonej zgody &nbsp;(art. 6 ust. 1 lit. a RODO),<\/p>\n          <p style=\"text-align: justify;\">e. prowadzenie dzia\u0142a\u0144 marketingowych, co stanowi realizacj\u0119 prawnie uzasadnionego interesu administratora (art. 6 ust. 1 lit. f RODO),<\/p>\n          <p style=\"text-align: justify;\">f. ustalenie, dochodzenie i obrona roszcze\u0144, co stanowi realizacj\u0119 prawnie uzasadnionych interes\u00f3w administratora (art. 6 ust. 1 lit. f RODO),<\/p>\n          <p style=\"text-align: justify;\">g. &nbsp; &nbsp;prowadzenie rozm\u00f3w i korespondencji elektronicznej z u\u017cytkownikami serwisu korzystaj\u0105cymi z formularzy kontaktowych, adres\u00f3w e-mail Administratora danych i jego pracownik\u00f3w oraz numer\u00f3w telefon\u00f3w podanych w serwisie, co jest niezb\u0119dne do wykonania umowy lub podj\u0119cia dzia\u0142a\u0144 na \u017c\u0105danie osoby, kt\u00f3rej danej dotycz\u0105, przed zawarciem umowy (art. 6 ust. 1 lit. b RODO) lub stanowi realizacj\u0119 prawnie uzasadnionego interesu signAlert (art. 6 ust. 1 lit. f RODO) \u2013 w zale\u017cno\u015bci od okoliczno\u015bci. &nbsp; &nbsp;<\/p>\n          <p style=\"text-align: justify;\">Ponadto w celu jak najlepszego funkcjonowania naszego serwisu internetowego, a tak\u017ce aby zaprezentowa\u0107 Ci nasz\u0105 ofert\u0119 w jak najwi\u0119kszym stopniu dopasowan\u0105 do Twoich preferencji i zainteresowa\u0144, gromadzimy uzyskane podczas przegl\u0105dania przez Ciebie serwisu dane, takie jak:<\/p>\n          <ul type=\"disc\">\n            <li style=\"mso-margin-top-alt:auto;mso-margin-bottom-alt:auto;      text-align:justify;line-height:normal;mso-list:l10 level1 lfo1;tab-stops:      list 36.0pt;background:white;\">informacje o urz\u0105dzeniu, z kt\u00f3rego korzystasz<\/li>\n            <li style=\"mso-margin-top-alt:auto;mso-margin-bottom-alt:auto;      text-align:justify;line-height:normal;mso-list:l10 level1 lfo1;tab-stops:      list 36.0pt;background:white;\">wykorzystywane do przegl\u0105dania aplikacje<\/li>\n            <li style=\"mso-margin-top-alt:auto;mso-margin-bottom-alt:auto;      text-align:justify;line-height:normal;mso-list:l10 level1 lfo1;tab-stops:      list 36.0pt;background:white;\">sposoby korzystania z serwisu<\/li>\n            <li style=\"mso-margin-top-alt:auto;mso-margin-bottom-alt:auto;      text-align:justify;line-height:normal;mso-list:l10 level1 lfo1;tab-stops:      list 36.0pt;background:white;\">lokalizacje<\/li>\n            <li style=\"mso-margin-top-alt:auto;mso-margin-bottom-alt:auto;      text-align:justify;line-height:normal;mso-list:l10 level1 lfo1;tab-stops:      list 36.0pt;background:white;\">informacje zawarte w plikach cookies<\/li>\n          <\/ul>\n          <p style=\"text-align: justify;\">POSTANOWIENIA POLITYKI COOKIES SERWISU<\/p>\n          <p style=\"text-align: justify;\">I. POSTANOWIENIA OG\u00d3LNE<\/p>\n          <p style=\"text-align: justify;\">Pliki Cookie (Cookies lub ciasteczka) to ma\u0142e pliki tekstowe, kt\u00f3re mog\u0105 by\u0107 stosowane przez strony internetowe i serwisy, aby usprawni\u0107 ich dzia\u0142anie oraz poprawi\u0107 komfort ich u\u017cytkowania. Zgodnie z przepisami prawa jeste\u015bmy upowa\u017cnieni do przechowywania plik\u00f3w Cookies na Twoim urz\u0105dzeniu, je\u015bli jest to niezb\u0119dne do funkcjonowania serwisu www, a tak\u017ce w celach analitycznych i statystycznych. Aby u\u017cywa\u0107 innych rodzaj\u00f3w plik\u00f3w Cookies potrzebujemy Twojej zgody. Serwis korzysta z r\u00f3\u017cnych rodzaj\u00f3w Cookies, niekt\u00f3re z nich umieszczane s\u0105 przez us\u0142ugi stron trzecich, kt\u00f3re pojawiaj\u0105 si\u0119 na naszych stronach. Pami\u0119taj, \u017ce w dowolnej chwili mo\u017cesz wycofa\u0107 swoj\u0105 zgod\u0119.<\/p>\n          <p style=\"text-align: justify;\">II. RODZAJE PLIK\u00d3W COOKIES<\/p>\n          <p style=\"text-align: justify;\">1. Pliki Cookies to dane informatyczne, w szczego\u0301lnos\u0301ci niewielkie pliki tekstowe, zapisywane i przechowywane na urz\u0105dzeniach, za pos\u0301rednictwem kto\u0301rych korzystasz z naszego serwisu. Cookies to nasze pliki, zwia\u0328zane ze \u015bwiadczeniem us\u0142ug drog\u0105 elektroniczna\u0328 za pos\u0301rednictwem strony internetowej, ale mog\u0105 to by\u0107 r\u00f3wnie\u017c pliki zewn\u0119trzne \u2013 Cookies zewne\u0328trzne to pliki zamieszczane przez naszych partner\u00f3w za pos\u0301rednictwem naszego serwisu.<\/p>\n          <p style=\"text-align: justify;\">2. Wykorzystujemy dwa typy Cookies:<\/p>\n          <p style=\"text-align: justify;\">sesyjne, kt\u00f3re sa\u0328 przechowywane na Twoim urz\u0105dzeniu i pozostaja\u0328 tam do momentu zakon\u0301czenia sesji danej przegla\u0328darki. Zapisane informacje sa\u0328 wo\u0301wczas trwale usuwane z pamie\u0328ci. Mechanizm Cookies sesyjnych nie pozwala na pobieranie jakichkolwiek danych osobowych ani \u017cadnych informacji poufnych z Twojego urz\u0105dzenia, chyba \u017ce jeste\u015b zalogowany na stronie serwisu.<\/p>\n          <p style=\"text-align: justify;\">trwa\u0142e, kt\u00f3re sa\u0328 przechowywane na Twoim urz\u0105dzeniu i pozostaja\u0328 tam do momentu ich skasowania. Zako\u0144czenie sesji danej przegla\u0328darki lub wy\u0142a\u0328czenie urza\u0328dzenia nie powoduje ich usuni\u0119cia. Mechanizm Cookies trwa\u0142ych nie pozwala na pobieranie jakichkolwiek danych osobowych ani \u017cadnych informacji poufnych urz\u0105dzenia, chyba \u017ce jeste\u015b zalogowany na stronie serwisu.<\/p>\n          <p style=\"text-align: justify;\">3. Ponadto pliki Cookies mo\u017cemy podzieli\u0107 na:<\/p>\n          <p style=\"text-align: justify;\">analityczne \u2013 zbieraj\u0105 informacje o tym, jak korzystasz z naszych witryn. Sprawdzaj\u0105 mi\u0119dzy innymi jakie podstrony odwiedzasz najcz\u0119\u015bciej i czy mo\u017cesz natkn\u0105\u0107 si\u0119 na b\u0142\u0119dy w ich dzia\u0142aniu, pozwalaj\u0105 na pomiar i popraw\u0119 wydajno\u015bci funkcjonowania witryny. Mo\u017cemy r\u00f3wnie\u017c sprawdza\u0107 \u017ar\u00f3d\u0142a ruchu \u2013 czyli sk\u0105d trafiaj\u0105 do nas u\u017cytkownicy. S\u0105 to pliki wykorzystywane w celu sporz\u0105dzania statystyk odwiedzin oraz \u017ar\u00f3de\u0142 ruchu na stronie serwisu. Ten rodzaj plik\u00f3w daje nam wiedz\u0119, w jaki spos\u00f3b u\u017cytkownicy poruszaj\u0105 si\u0119 po stronie serwisu oraz pokazuj\u0105 najcz\u0119\u015bciej odwiedzane miejsca oraz te, kt\u00f3re s\u0105 najmniej popularne<\/p>\n          <p style=\"text-align: justify;\">serwisowe \u2013 dzi\u0119ki kt\u00f3rym strona internetowa dzia\u0142a w spos\u00f3b prawid\u0142owy \u2013 s\u0105 one niezb\u0119dne, aby\u015b m\u00f3g\u0142 korzysta\u0107 z naszego serwisu i jego funkcji. Te pliki zapewniaj\u0105 tak\u017ce bezpiecze\u0144stwo i podtrzymuj\u0105 sesj\u0119. Bez nich nie mogliby\u015bmy \u015bwiadczy\u0107 wielu us\u0142ug, kt\u00f3re oferujemy. Ten rodzaj plik\u00f3w Cookies nie zbiera informacji w celach marketingowych<\/p>\n          <p style=\"text-align: justify;\">marketingowe \u2013 mog\u0105 by\u0107 wykorzystywane przez naszych partner\u00f3w w celu \u015bledzenia aktywno\u015bci u\u017cytkownik\u00f3w na naszym serwisie. Celem jest wy\u015bwietlanie reklam dopasowanych do preferencji poszczeg\u00f3lnych u\u017cytkownik\u00f3w. S\u0105 to nasze pliki oraz pliki Cookies naszych dostawc\u00f3w zewn\u0119trznych. Dzi\u0119ki tym plikom mo\u017cemy dopasowa\u0107 tre\u015bci do konkretnego odbiorcy. Wykorzystujemy je, aby prowadzi\u0107 kampanie marketingowe. Ten rodzaj plik\u00f3w przechowuje informacje na temat tego, jak korzystasz z naszego serwisu. Pami\u0119taj\u0105, \u017ce odwiedza\u0142e\u015b nasz serwis i co w nich robi\u0142e\u015b. Zebrane w ten spos\u00f3b informacje trafiaj\u0105 tak\u017ce do dostawc\u00f3w zewn\u0119trznych, z kt\u00f3rymi wsp\u00f3\u0142pracujemy.<\/p>\n          <p style=\"text-align: justify;\">III. CELE WYKORZYSTANIA PLIK\u00d3W COOKIES<\/p>\n          <p style=\"text-align: justify;\">Wykorzystujemy Cookies w naste\u0328puja\u0328cych celach:<\/p>\n          <p style=\"text-align: justify;\">1. Konfiguracji serwisu.<\/p>\n          <ul>\n            <li style=\"text-align: justify;\">dostosowania zawartos\u0301ci serwisu do Twoich preferencji oraz optymalizacji korzystania z niej<\/li>\n            <li style=\"text-align: justify;\">zapami\u0119tania ustawie\u0144\u0301 wybranych przez Ciebie i personalizacji interfejsu, np. w zakresie wybranego j\u0119zyka lub regionu, z kto\u0301rego pochodzisz<\/li>\n            <li style=\"text-align: justify;\">zapami\u0119tania historii odwiedzonych podstron serwisu w celu rekomendacji tres\u0301ci<\/li>\n            <li style=\"text-align: justify;\">rozmiaru czcionki, wygl\u0105du serwisu, itp.<\/li>\n          <\/ul>\n          <p style=\"text-align: justify;\">2. Uwierzytelniania w serwisie i zapewnienia Twojej sesji w serwisie.<\/p>\n          <ul>\n            <li style=\"text-align: justify;\">utrzymania sesji serwisu (po zalogowaniu), dzi\u0119ki kto\u0301rej nie musisz na ka\u017cdej podstronie serwisu ponownie wpisywa\u0107 loginu i has\u0142a<\/li>\n            <li style=\"text-align: justify;\">poprawnej konfiguracji wybranych funkcji serwisu, umoz\u0307liwiaj\u0105cej w szczego\u0301lnos\u0301ci weryfikacje\u0328 autentyczno\u015bci sesji przegla\u0328darki<\/li>\n            <li style=\"text-align: justify;\">optymalizacji zwi\u0119kszenia wydajnos\u0301ci us\u0142ug<\/li>\n          <\/ul>\n          <p style=\"text-align: justify;\">3. Realizacji proceso\u0301w niezbe\u0328dnych dla pe\u0142nej funkcjonalno\u015bci serwisu.<\/p>\n          <ul>\n            <li style=\"text-align: justify;\">dostosowania zawartos\u0301ci serwisu do Twoich preferencji oraz optymalizacji korzystania z serwisu. W szczego\u0301lnos\u0301ci pliki te pozwalaj\u0105\u0328 rozpozna\u0107 podstawowe parametry urza\u0328dzenia i odpowiednio wys\u0301wietlac\u0301 stron\u0119 serwisu, dostosowana\u0328 do Twoich indywidualnych potrzeb<\/li>\n            <li style=\"text-align: justify;\">poprawnej obs\u0142ugi programu partnerskiego, umo\u017cliwiaj\u0105cej w szczego\u0301lnos\u0301ci weryfikacje\u0328 z\u0301ro\u0301de\u0142 przekierowa\u0144 na stron\u0119 serwisu<\/li>\n          <\/ul>\n          <p style=\"text-align: justify;\">4. Zapami\u0119tania Twojej lokalizacji i poprawnej konfiguracji wybranych funkcji serwisu umoz\u0307liwiaja\u0328cych w szczego\u0301lnos\u0301ci dostosowanie dostarczanych informacji do Ciebie z uwzgl\u0119dnieniem Twojej lokalizacji.<\/p>\n          <p style=\"text-align: justify;\">5. Analiz i badan\u0301 oraz audytu ogl\u0105dalno\u015bci.<\/p>\n          <ul>\n            <li style=\"text-align: justify;\">tworzenia anonimowych statystyk, kto\u0301re pomagaj\u0105\u0328 nam zrozumie\u0107, w jaki sposo\u0301b uz\u0307ytkownicy korzystaj\u0105 z serwisu, co umo\u017cliwia ulepszanie struktury i zawartos\u0301ci serwisu<\/li>\n          <\/ul>\n          <p style=\"text-align: justify;\">6. S\u0301wiadczenia us\u0142ug reklamowych.<\/p>\n          <ul>\n            <li style=\"text-align: justify;\">dostosowania prezentowanych za pos\u0301rednictwem serwisu reklam us\u0142ug i produkto\u0301w firm trzecich<\/li>\n          <\/ul>\n          <p style=\"text-align: justify;\">7. Zapewnienia bezpieczen\u0301stwa i niezawodno\u015bci naszego serwisu.<\/p>\n          <p style=\"text-align: justify;\">\n            <span style=\"font-weight: 700;\">Mo\u017cemy wykorzystywa\u0107 zewn\u0119trzne Cookies w naste\u0328puja\u0328cych celach:<\/span>\n          <\/p>\n          <p style=\"text-align: justify;\">1. Zbierania og\u00f3lnych i anonimowych danych statycznych za pos\u0301rednictwem narze\u0328dzi analitycznych.<\/p>\n          <p style=\"text-align: justify;\">Google Analytics [administrator Cookies: Google LLC z siedziba\u0328 w USA]<\/p>\n          <p style=\"text-align: justify;\">2. Prezentowania reklam dostosowanych do preferencji Uz\u0307ytkownika z wykorzystaniem narze\u0328dzia reklamy.<\/p>\n          <p style=\"text-align: justify;\">Google AdSense [administrator Cookies: Google LLC z siedziba\u0328 w USA]<\/p>\n          <p style=\"text-align: justify;\">3. Zalogowania do naszego serwisu za pomoca\u0328 serwisu spo\u0142eczno\u015bciowego signAlert.<\/p>\n          <p style=\"text-align: justify;\">Facebook Connect [administrator Cookies: Meta Platforms (dawniej: Facebook Inc. z siedziba\u0328 w USA) lub Facebook Ireland Limited z siedziba\u0328 w Irlandii]<\/p>\n          <p style=\"text-align: justify;\">LinkedIn [administrator Cookies: LinkedIn Corporation z siedzib\u0105 w Sunnyvale, Kalifornia, USA]<\/p>\n          <p style=\"text-align: justify;\">YouTube [administrator Cookies: Alphabet Inc. z siedzib\u0105 w San Bruno, Kalifornia, USA]<\/p>\n          <p style=\"text-align: justify;\">4. Wykorzystania funkcji interaktywnych w celu popularyzacji serwisu za pomoca\u0328 serwiso\u0301w spo\u0142eczno\u015bciowych.<\/p>\n          <p style=\"text-align: justify;\">Facebook.com [administrator Cookies: Meta Platforms (dawniej: Facebook Inc. z siedziba\u0328 w USA) lub Facebook Ireland Limited z siedziba\u0328 w Irlandii]<\/p>\n          <p style=\"text-align: justify;\">LinkedIn [administrator Cookies: LinkedIn Corporation z siedzib\u0105 w Sunnyvale, Kalifornia, USA]<\/p>\n          <p style=\"text-align: justify;\">YouTube [administrator Cookies: Alphabet Inc. z siedzib\u0105 w San Bruno, Kalifornia, USA]<\/p>\n          <p style=\"text-align: justify;\">5. Prezentowania opinii na stronie serwisu, kto\u0301re sa\u0328 pobierane z zewne\u0328trznego serwisu internetowego.<\/p>\n          <p style=\"text-align: justify;\">6. Wykorzystania funkcji w celu u\u0142atwienia komunikacji za pos\u0301rednictwem serwisu, kto\u0301re sa\u0328 pobierane z zewne\u0328trznego serwisu internetowego.<\/p>\n          <p style=\"text-align: justify;\">IV. PRZETWARZANIE DANYCH OSOBOWYCH W RAMACH COOKIES<\/p>\n          <p style=\"text-align: justify;\">1. Gdy korzystasz z serwisu stosujemy pliki Cookies umo\u017cliwiaj\u0105ce identyfikacj\u0119 przegl\u0105darki lub urz\u0105dzenia u\u017cytkownika \u2013 pliki te zbieraj\u0105 r\u00f3\u017cnego rodzaju informacje, kt\u00f3re co do zasady nie stanowi\u0105 danych osobowych (nie pozwalaj\u0105 nam na Twoj\u0105 identyfikacj\u0119). Jednak niekt\u00f3re informacje, w zale\u017cno\u015bci od ich zawarto\u015bci i sposobu wykorzystania, mog\u0105 zosta\u0107 powi\u0105zane z Tob\u0105 (np. je\u015bli jeste\u015b zarejestrowany i zalogujesz si\u0119 na stronie serwisu), a tym samym zosta\u0107 uznane za dane osobowe.<\/p>\n          <p style=\"text-align: justify;\">2. Musisz te\u017c wiedzie\u0107, \u017ce za pomoc\u0105 technologii Cookies w naszym serwisie mo\u017cliwe jest zapoznawanie si\u0119 z preferencjami u\u017cytkownik\u00f3w \u2013 np.: poprzez analiz\u0119 cz\u0119stotliwo\u015bci odwiedzin serwisu, czy tego, jakie produkty ogl\u0105dasz. Takie dzia\u0142ania nazywamy profilowaniem. Zautomatyzowana analiza zachowa\u0144 w Internecie pomaga nam lepiej zrozumie\u0107 zwyczaje i oczekiwania u\u017cytkownik\u00f3w oraz daje mo\u017cliwo\u015b\u0107, aby dostosowa\u0107 si\u0119 do indywidualnych potrzeb i zainteresowa\u0144. Dzi\u0119ki temu mo\u017cemy zaprezentowa\u0107 Ci rekomendacje i reklamy dopasowane oraz przedstawia\u0107 oferty, kt\u00f3re najlepiej b\u0119d\u0105 odpowiada\u0142y Twoim potrzebom.<\/p>\n          <p style=\"text-align: justify;\">3. Musisz wiedzie\u0107, \u017ce rezygnacja z Cookies pozwalaj\u0105cych na wy\u015bwietlanie reklam dopasowanych do Twoich zainteresowa\u0144 nie oznacza, \u017ce nie b\u0119dziesz otrzymywa\u0107 reklam podczas korzystania ze stron \u2013 b\u0119dziesz je otrzymywa\u0107, ale nie b\u0119d\u0105 mie\u0107 zwi\u0105zku z Twoj\u0105 bie\u017c\u0105c\u0105 aktywno\u015bci\u0105.<\/p>\n          <p style=\"text-align: justify;\">4. Informacje o Twojej aktywno\u015bci w Internecie z wykorzystaniem plik\u00f3w Cookies pozwol\u0105 nam r\u00f3wnie\u017c na prowadzenie analiz rynkowych oraz statystycznych.<\/p>\n          <p style=\"text-align: justify;\">5. Informacje zebrane i zawarte w Cookies mog\u0105 by\u0107 przechowywane po zako\u0144czeniu sesji przegl\u0105darki (Cookies trwa\u0142e), co pozwala na przyk\u0142ad na ich wykorzystanie podczas kolejnych odwiedzin. Mo\u017cesz je usun\u0105\u0107 z przegl\u0105darki.<\/p>\n          <p style=\"text-align: justify;\">6. W oparciu o Cookies pos\u0142ugujemy si\u0119 technologi\u0105, kt\u00f3ra pozwala nam dotrze\u0107 z przekazem reklamowym do os\u00f3b, kt\u00f3re ju\u017c wcze\u015bniej odwiedzi\u0142y nasz serwis, ale gdy odwiedzaj\u0105 one inne strony internetowe, w tym nale\u017c\u0105ce do podmiot\u00f3w wsp\u00f3\u0142pracuj\u0105cych z nami czy z naszymi partnerami (Retargeting).<\/p>\n          <p style=\"text-align: justify;\">7. Pliki Cookies innych podmiot\u00f3w.<\/p>\n          <p style=\"text-align: justify;\">Cookies s\u0142u\u017c\u0105 optymalizacji obs\u0142ugi podczas korzystania z naszego serwisu, ale wsp\u00f3\u0142pracujemy te\u017c z innymi firmami w zakresie prowadzonej przez nie dzia\u0142alno\u015bci marketingowej (reklamowej), w\u00f3wczas przegl\u0105darka lub inne oprogramowanie zapisuje r\u00f3wnie\u017c Cookies podmiot\u00f3w prowadz\u0105cych tak\u0105 dzia\u0142alno\u015b\u0107. Cookies tych podmiot\u00f3w maj\u0105 poprawi\u0107 skuteczno\u015b\u0107 prezentowania reklam, kt\u00f3re odpowiadaj\u0105 Twojej aktywno\u015bci, reklamy s\u0105 dostarczane przez partner\u00f3w i dlatego podczas wizyty w serwisie zapisywane s\u0105 na Twoim urz\u0105dzeniu tak\u017ce Cookies pochodz\u0105ce od naszych partner\u00f3w.<\/p>\n          <p style=\"text-align: justify;\">8. Twoja aktywno\u015b\u0107 w serwisie, w tym Twoje dane osobowe, s\u0105 rejestrowane przede wszystkim w celach zwi\u0105zanych ze \u015bwiadczeniem us\u0142ug. Administrator przetwarza je r\u00f3wnie\u017c w celach technicznych, administracyjnych, na potrzeby zapewnienia bezpiecze\u0144stwa systemu informatycznego oraz zarz\u0105dzania tym systemem, a tak\u017ce w celach analitycznych i statystycznych \u2013 w tym zakresie podstaw\u0105 prawn\u0105 przetwarzania jest prawnie uzasadniony interes administratora (art. 6 ust. 1 lit. f) RODO). W celach marketingowych, w tym w celu profilowania \u2013 podstaw\u0105 prawn\u0105 przetwarzania jest Twoja zgoda (art. 6 ust. 1 lit. a) RODO) udzielona z poziomu Twojej przegl\u0105darki i wy\u015bwietlonego przy otwieraniu naszego serwisu komunikatu dotycz\u0105cego Plik\u00f3w Cookies. Pami\u0119taj, \u017ce je\u017celi nie chcesz, aby Twoje dane by\u0142y profilowane na zasadach okre\u015blonych w niniejszej Polityce, nie musisz kontynuowa\u0107 korzystania z serwisu.<\/p>\n          <p style=\"text-align: justify;\">V. POSTANOWIENIA KO\u0143COWE<\/p>\n          <p style=\"text-align: justify;\">1. Mo\u017cesz poprzez zmian\u0119 ustawie\u0144 przegl\u0105darki wy\u0142\u0105czy\u0107 obs\u0142ug\u0119 plik\u00f3w Cookies. Ustawienia te moga\u0328 zostac\u0301 zmienione w szczego\u0301lnos\u0301ci w taki sposo\u0301b, aby blokowa\u0107 automatyczna\u0328 obs\u0142uge\u0328 pliko\u0301w cookies w ustawieniach przegla\u0328darki internetowej b\u0105d\u017a informowa\u0107 o ich ka\u017cdorazowym zamieszczeniu Cookies na Twoim urz\u0105dzeniu.<\/p>\n          <p style=\"text-align: justify;\">2. Szczeg\u00f3\u0142owe informacje o moz\u0307liwos\u0301ci i sposobach obs\u0142ugi pliko\u0301w Cookies doste\u0328pne sa\u0328 w ustawieniach oprogramowania (przegla\u0328darki internetowej). Najcz\u0119\u015bciej odpowiednia opcja znajduje si\u0119 w zak\u0142adce prywatno\u015b\u0107 lub ustawienia danego programu.<\/p>\n          <p style=\"text-align: justify;\">3. Mo\u017cesz w ka\u017cdej chwili usuna\u0328c\u0301 pliki Cookies korzystaj\u0105c z doste\u0328pnych funkcji w przegl\u0105darce internetowej, kto\u0301rej u\u017cywasz, ale musisz wiedzie\u0107, \u017ce ograniczenie stosowania pliko\u0301w Cookies, moz\u0307e wp\u0142yn\u0105\u0107 na niekto\u0301re funkcjonalno\u015bci naszego serwisu.<\/p>\n          <p style=\"text-align: justify;\">4. Dok\u0142adamy najwy\u017cszych stara\u0144, aby zapewni\u0107 wysoki poziom bezpiecze\u0144stwa w zakresie korzystania z naszego serwisu poprzez zastosowanie odpowiednich administracyjnych, organizacyjnych, technicznych i fizycznych zabezpiecze\u0144 danych przed ich bezprawnym lub przypadkowym zniszczeniem, utrat\u0105, nieupowa\u017cnionym ujawnieniem lub udost\u0119pnieniem. Musisz przy tym wiedzie\u0107, \u017ce niestety \u017caden spos\u00f3b przekazywania danych za po\u015brednictwem Internetu nie jest w pe\u0142ni bezpieczny. Je\u015bli zauwa\u017cysz jakiekolwiek nieprawid\u0142owo\u015bci dzia\u0142ania serwisu, w tym np.: dotycz\u0105ce podejrzenia udost\u0119pnienia plik\u00f3w zawieraj\u0105cych szkodliwe oprogramowanie, prosimy o ich zg\u0142oszenie.<\/p>\n        <\/div>\n      <\/div>\n    <\/section>\n    \n    \n    \n  \n","protected":false},"excerpt":{"rendered":"<p>POLITYKA PRYWATNO\u015aCI I COOKIES U\u017bYTKOWNIK\u00d3W SERWISU WWW.SIGNALERT.pl W ramach niniejszej Polityki prywatno\u015bci przedstawiamy najwa\u017cniejsze informacje dotycz\u0105ce przetwarzania przez nas danych osobowych u\u017cytkownik\u00f3w serwisu www.signalert.pl (dalej: serwis) na gruncie Rozporz\u0105dzenia Parlamentu Europejskiego i Rady (UE) 2016\/679 z dnia 27 kwietnia 2016 r. w sprawie ochrony os\u00f3b fizycznych w zwi\u0105zku z przetwarzaniem danych osobowych i w sprawie &hellip; <a href=\"https:\/\/signalert.pl\/index.php\/polityka-prywatnosci\/\" class=\"more-link\">Continue reading<span class=\"screen-reader-text\"> &#8220;Polityka prywatno\u015bci&#8221;<\/span><\/a><\/p>\n","protected":false},"author":1,"featured_media":0,"parent":0,"menu_order":0,"comment_status":"closed","ping_status":"closed","template":"","meta":{"footnotes":""},"class_list":["post-3","page","type-page","status-publish","hentry"],"jetpack_sharing_enabled":true,"_links":{"self":[{"href":"https:\/\/signalert.pl\/index.php\/wp-json\/wp\/v2\/pages\/3","targetHints":{"allow":["GET"]}}],"collection":[{"href":"https:\/\/signalert.pl\/index.php\/wp-json\/wp\/v2\/pages"}],"about":[{"href":"https:\/\/signalert.pl\/index.php\/wp-json\/wp\/v2\/types\/page"}],"author":[{"embeddable":true,"href":"https:\/\/signalert.pl\/index.php\/wp-json\/wp\/v2\/users\/1"}],"replies":[{"embeddable":true,"href":"https:\/\/signalert.pl\/index.php\/wp-json\/wp\/v2\/comments?post=3"}],"version-history":[{"count":7,"href":"https:\/\/signalert.pl\/index.php\/wp-json\/wp\/v2\/pages\/3\/revisions"}],"predecessor-version":[{"id":434,"href":"https:\/\/signalert.pl\/index.php\/wp-json\/wp\/v2\/pages\/3\/revisions\/434"}],"wp:attachment":[{"href":"https:\/\/signalert.pl\/index.php\/wp-json\/wp\/v2\/media?parent=3"}],"curies":[{"name":"wp","href":"https:\/\/api.w.org\/{rel}","templated":true}]}}