{"id":255,"date":"2023-11-28T08:28:28","date_gmt":"2023-11-28T08:28:28","guid":{"rendered":"https:\/\/signalert.pl\/?page_id=255"},"modified":"2025-04-24T16:18:39","modified_gmt":"2025-04-24T15:18:39","slug":"program-partnerski","status":"publish","type":"page","link":"https:\/\/signalert.pl\/index.php\/program-partnerski\/","title":{"rendered":"Program partnerski"},"content":{"rendered":"\n    \n    <section class=\"u-clearfix u-gradient u-section-2\" id=\"sec-dee2\">\n      <div class=\"u-clearfix u-sheet u-valign-middle u-sheet-1\">\n        <div class=\"data-layout-selected u-clearfix u-expanded-width u-layout-wrap u-layout-wrap-1\">\n          <div class=\"u-layout\">\n            <div class=\"u-layout-row\">\n              <div class=\"u-align-justify u-container-style u-layout-cell u-size-30 u-layout-cell-1\">\n                <div class=\"u-container-layout u-valign-middle u-container-layout-1\">\n                  <p class=\"u-text u-text-default u-text-1\" data-animation-name=\"customAnimationIn\" data-animation-duration=\"2000\"> \u015awiadczymy kompleksowe us\u0142ugi podmiotu zewn\u0119trznego obs\u0142uguj\u0105cego zg\u0142oszenia naruszenia prawa kierowane na podstawie przepis\u00f3w Dyrektywy Parlamentu Europejskiego i Rady (UE) 2019\/1937 z dnia 23 pa\u017adziernika 2019 r. w sprawie ochrony os\u00f3b zg\u0142aszaj\u0105cych naruszenia prawa Unii oraz Ustawy z dnia 14 czerwca 2024 r. o ochronie sygnalist\u00f3w.<\/p>\n                <\/div>\n              <\/div>\n              <div class=\"u-container-style u-layout-cell u-size-30 u-layout-cell-2\">\n                <div class=\"u-container-layout u-container-layout-2\">\n                  <img decoding=\"async\" class=\"u-expanded-height u-image u-image-contain u-image-1\" src=\"https:\/\/signalert.pl\/wp-content\/uploads\/2023\/12\/ad3a42158fcbef1c9a654fb0e4b73b708ac6bcdd3b8c56e12f5f797b1de278b822a7eabbecfcecd82abdfca8e90c46e6adaab541a07515b4afc4e0_1280.png\" data-image-width=\"1140\" data-image-height=\"1074\" data-animation-name=\"customAnimationIn\" data-animation-duration=\"1000\" data-animation-out=\"0\">\n                <\/div>\n              <\/div>\n            <\/div>\n          <\/div>\n        <\/div>\n      <\/div>\n    <\/section>\n    <section class=\"u-clearfix u-section-3\" id=\"sec-9daa\">\n      <div class=\"u-clearfix u-sheet u-sheet-1\">\n        <p class=\"u-align-justify u-text u-text-1\" data-animation-name=\"customAnimationIn\" data-animation-duration=\"1250\" data-animation-delay=\"500\" data-animation-out=\"0\">\n          <span style=\"font-weight: 700;\">Sygnalista? To nie problem!<br>\n          <\/span>\n          <br> Twoi Klienci s\u0105 zobowi\u0105zani do stosowania przepis\u00f3w Dyrektywy Parlamentu Europejskiego i Rady (UE) 2019\/1937 w sprawie ochrony os\u00f3b zg\u0142aszaj\u0105cych naruszenia prawa oraz Ustawy z dnia 14 czerwca 2024 roku o ochronie sygnalist\u00f3w?<br>\n          <br>\n          <span style=\"font-weight: 700;\"><\/span>\n          <span style=\"font-weight: 700;\">Program partnerski kierujemy do:<br>\n          <\/span>\n        <\/p>\n        <ul class=\"u-align-justify u-custom-list u-text u-text-2\" data-animation-name=\"customAnimationIn\" data-animation-duration=\"1000\" data-animation-delay=\"750\">\n          <li>\n            <div class=\"u-list-icon\">\n              <svg xmlns=\"http:\/\/www.w3.org\/2000\/svg\" xmlns:xlink=\"http:\/\/www.w3.org\/1999\/xlink\" version=\"1.1\" xml:space=\"preserve\" class=\"u-svg-content\" viewBox=\"0 0 24 24\" id=\"svg-5079\"><path d=\"m23.526 5.101c-.04-.399-.231-.759-.541-1.014l-2.318-1.904c-.639-.524-1.585-.432-2.111.207l-9.745 11.86-3.916-3.355c-.628-.536-1.576-.465-2.115.163l-1.952 2.278c-.261.304-.388.691-.357 1.091s.215.764.52 1.024l7.403 6.346c.275.235.616.361.974.361.044 0 .089-.002.134-.006.405-.036.77-.229 1.028-.542l12.662-15.411c.255-.309.373-.7.334-1.098z\" fill=\"#2196f3\"><\/path><path d=\"m.638 13.173c-.304.354-.452.807-.417 1.273.036.466.251.891.606 1.194l7.403 6.346v.001c.321.273.719.421 1.136.421.052 0 .104-.003.156-.007.472-.042.898-.266 1.199-.632l12.665-15.411c.613-.746.504-1.852-.242-2.464l-2.318-1.904c-.744-.612-1.848-.504-2.463.24l-9.584 11.665-3.722-3.189c-.732-.627-1.839-.543-2.467.189zm3.444-1.329 4.303 3.688c.153.131.348.196.554.178.201-.018.386-.115.514-.271l10.07-12.255c.087-.107.246-.123.352-.035l2.318 1.904c.107.088.123.246.035.353l-12.664 15.41c-.058.07-.132.087-.171.09-.039.006-.115.001-.185-.059l-7.404-6.346c-.068-.059-.083-.132-.086-.171-.003-.038.001-.113.06-.182l1.952-2.278c.089-.102.247-.116.352-.026z\"><\/path><\/svg>\n            <\/div> Kancelarii prawnych i biur rachunkowych\n          <\/li>\n          <li>\n            <div class=\"u-list-icon\">\n              <svg xmlns=\"http:\/\/www.w3.org\/2000\/svg\" xmlns:xlink=\"http:\/\/www.w3.org\/1999\/xlink\" version=\"1.1\" xml:space=\"preserve\" class=\"u-svg-content\" viewBox=\"0 0 24 24\" id=\"svg-5079\"><path d=\"m23.526 5.101c-.04-.399-.231-.759-.541-1.014l-2.318-1.904c-.639-.524-1.585-.432-2.111.207l-9.745 11.86-3.916-3.355c-.628-.536-1.576-.465-2.115.163l-1.952 2.278c-.261.304-.388.691-.357 1.091s.215.764.52 1.024l7.403 6.346c.275.235.616.361.974.361.044 0 .089-.002.134-.006.405-.036.77-.229 1.028-.542l12.662-15.411c.255-.309.373-.7.334-1.098z\" fill=\"#2196f3\"><\/path><path d=\"m.638 13.173c-.304.354-.452.807-.417 1.273.036.466.251.891.606 1.194l7.403 6.346v.001c.321.273.719.421 1.136.421.052 0 .104-.003.156-.007.472-.042.898-.266 1.199-.632l12.665-15.411c.613-.746.504-1.852-.242-2.464l-2.318-1.904c-.744-.612-1.848-.504-2.463.24l-9.584 11.665-3.722-3.189c-.732-.627-1.839-.543-2.467.189zm3.444-1.329 4.303 3.688c.153.131.348.196.554.178.201-.018.386-.115.514-.271l10.07-12.255c.087-.107.246-.123.352-.035l2.318 1.904c.107.088.123.246.035.353l-12.664 15.41c-.058.07-.132.087-.171.09-.039.006-.115.001-.185-.059l-7.404-6.346c-.068-.059-.083-.132-.086-.171-.003-.038.001-.113.06-.182l1.952-2.278c.089-.102.247-.116.352-.026z\"><\/path><\/svg>\n            <\/div>Bieg\u0142ych rewident\u00f3w\n          <\/li>\n          <li>\n            <div class=\"u-list-icon\">\n              <svg xmlns=\"http:\/\/www.w3.org\/2000\/svg\" xmlns:xlink=\"http:\/\/www.w3.org\/1999\/xlink\" version=\"1.1\" xml:space=\"preserve\" class=\"u-svg-content\" viewBox=\"0 0 24 24\" id=\"svg-5079\"><path d=\"m23.526 5.101c-.04-.399-.231-.759-.541-1.014l-2.318-1.904c-.639-.524-1.585-.432-2.111.207l-9.745 11.86-3.916-3.355c-.628-.536-1.576-.465-2.115.163l-1.952 2.278c-.261.304-.388.691-.357 1.091s.215.764.52 1.024l7.403 6.346c.275.235.616.361.974.361.044 0 .089-.002.134-.006.405-.036.77-.229 1.028-.542l12.662-15.411c.255-.309.373-.7.334-1.098z\" fill=\"#2196f3\"><\/path><path d=\"m.638 13.173c-.304.354-.452.807-.417 1.273.036.466.251.891.606 1.194l7.403 6.346v.001c.321.273.719.421 1.136.421.052 0 .104-.003.156-.007.472-.042.898-.266 1.199-.632l12.665-15.411c.613-.746.504-1.852-.242-2.464l-2.318-1.904c-.744-.612-1.848-.504-2.463.24l-9.584 11.665-3.722-3.189c-.732-.627-1.839-.543-2.467.189zm3.444-1.329 4.303 3.688c.153.131.348.196.554.178.201-.018.386-.115.514-.271l10.07-12.255c.087-.107.246-.123.352-.035l2.318 1.904c.107.088.123.246.035.353l-12.664 15.41c-.058.07-.132.087-.171.09-.039.006-.115.001-.185-.059l-7.404-6.346c-.068-.059-.083-.132-.086-.171-.003-.038.001-.113.06-.182l1.952-2.278c.089-.102.247-.116.352-.026z\"><\/path><\/svg>\n            <\/div>Firm consultingowych, marketingowych, doradczych i szkoleniowych\n          <\/li>\n          <li>\n            <div class=\"u-list-icon\">\n              <svg xmlns=\"http:\/\/www.w3.org\/2000\/svg\" xmlns:xlink=\"http:\/\/www.w3.org\/1999\/xlink\" version=\"1.1\" xml:space=\"preserve\" class=\"u-svg-content\" viewBox=\"0 0 24 24\" id=\"svg-5079\"><path d=\"m23.526 5.101c-.04-.399-.231-.759-.541-1.014l-2.318-1.904c-.639-.524-1.585-.432-2.111.207l-9.745 11.86-3.916-3.355c-.628-.536-1.576-.465-2.115.163l-1.952 2.278c-.261.304-.388.691-.357 1.091s.215.764.52 1.024l7.403 6.346c.275.235.616.361.974.361.044 0 .089-.002.134-.006.405-.036.77-.229 1.028-.542l12.662-15.411c.255-.309.373-.7.334-1.098z\" fill=\"#2196f3\"><\/path><path d=\"m.638 13.173c-.304.354-.452.807-.417 1.273.036.466.251.891.606 1.194l7.403 6.346v.001c.321.273.719.421 1.136.421.052 0 .104-.003.156-.007.472-.042.898-.266 1.199-.632l12.665-15.411c.613-.746.504-1.852-.242-2.464l-2.318-1.904c-.744-.612-1.848-.504-2.463.24l-9.584 11.665-3.722-3.189c-.732-.627-1.839-.543-2.467.189zm3.444-1.329 4.303 3.688c.153.131.348.196.554.178.201-.018.386-.115.514-.271l10.07-12.255c.087-.107.246-.123.352-.035l2.318 1.904c.107.088.123.246.035.353l-12.664 15.41c-.058.07-.132.087-.171.09-.039.006-.115.001-.185-.059l-7.404-6.346c-.068-.059-.083-.132-.086-.171-.003-.038.001-.113.06-.182l1.952-2.278c.089-.102.247-.116.352-.026z\"><\/path><\/svg>\n            <\/div>Klub\u00f3w biznesu&nbsp;\n          <\/li>\n        <\/ul>\n        <p class=\"u-align-justify u-text u-text-3\" data-animation-name=\"customAnimationIn\" data-animation-duration=\"1000\" data-animation-delay=\"1250\"> Zosta\u0144 partnerem signAlert!<br>\n          <br>\n          <span style=\"font-weight: 400;\">Znasz podmioty zatrudniaj\u0105ce powy\u017cej 50 os\u00f3b lub firmy zobowi\u0105zane do stosowania przepis\u00f3w Ustawy o ochronie sygnalist\u00f3w niezale\u017cnie od stanu zatrudnienia?<br>Prowadzisz firm\u0119?<br>Chcesz czerpa\u0107 bierny doch\u00f3d?<br>Posiadasz umiej\u0119tno\u015bci sprzeda\u017cowe?\n          <\/span>\n          <br>\n          <br>Zapoznaj si\u0119 z <a href=\"https:\/\/signalert.pl\/index.php\/owu\/\" class=\"u-active-none u-border-none u-btn u-button-link u-button-style u-hover-none u-none u-text-palette-1-base u-btn-1\">OWU<\/a>\n          <br>\n        <\/p>\n      <\/div>\n    <\/section>\n    \n    \n    \n  \n","protected":false},"excerpt":{"rendered":"<p>\u015awiadczymy kompleksowe us\u0142ugi podmiotu zewn\u0119trznego obs\u0142uguj\u0105cego zg\u0142oszenia naruszenia prawa kierowane na podstawie przepis\u00f3w Dyrektywy Parlamentu Europejskiego i Rady (UE) 2019\/1937 z dnia 23 pa\u017adziernika 2019 r. w sprawie ochrony os\u00f3b zg\u0142aszaj\u0105cych naruszenia prawa Unii oraz Ustawy z dnia 14 czerwca 2024 r. o ochronie sygnalist\u00f3w. Sygnalista? To nie problem! Twoi Klienci s\u0105 zobowi\u0105zani do stosowania &hellip; <a href=\"https:\/\/signalert.pl\/index.php\/program-partnerski\/\" class=\"more-link\">Continue reading<span class=\"screen-reader-text\"> &#8220;Program partnerski&#8221;<\/span><\/a><\/p>\n","protected":false},"author":1,"featured_media":0,"parent":0,"menu_order":0,"comment_status":"closed","ping_status":"closed","template":"","meta":{"footnotes":""},"class_list":["post-255","page","type-page","status-publish","hentry"],"jetpack_sharing_enabled":true,"_links":{"self":[{"href":"https:\/\/signalert.pl\/index.php\/wp-json\/wp\/v2\/pages\/255","targetHints":{"allow":["GET"]}}],"collection":[{"href":"https:\/\/signalert.pl\/index.php\/wp-json\/wp\/v2\/pages"}],"about":[{"href":"https:\/\/signalert.pl\/index.php\/wp-json\/wp\/v2\/types\/page"}],"author":[{"embeddable":true,"href":"https:\/\/signalert.pl\/index.php\/wp-json\/wp\/v2\/users\/1"}],"replies":[{"embeddable":true,"href":"https:\/\/signalert.pl\/index.php\/wp-json\/wp\/v2\/comments?post=255"}],"version-history":[{"count":13,"href":"https:\/\/signalert.pl\/index.php\/wp-json\/wp\/v2\/pages\/255\/revisions"}],"predecessor-version":[{"id":1096,"href":"https:\/\/signalert.pl\/index.php\/wp-json\/wp\/v2\/pages\/255\/revisions\/1096"}],"wp:attachment":[{"href":"https:\/\/signalert.pl\/index.php\/wp-json\/wp\/v2\/media?parent=255"}],"curies":[{"name":"wp","href":"https:\/\/api.w.org\/{rel}","templated":true}]}}