{"id":229,"date":"2023-11-27T21:26:38","date_gmt":"2023-11-27T21:26:38","guid":{"rendered":"https:\/\/signalert.pl\/?page_id=229"},"modified":"2025-11-30T13:57:19","modified_gmt":"2025-11-30T12:57:19","slug":"o-nas-6","status":"publish","type":"page","link":"https:\/\/signalert.pl\/index.php\/o-nas-6\/","title":{"rendered":"O nas"},"content":{"rendered":"\n    \n    <section class=\"u-clearfix u-gradient u-section-2\" id=\"sec-f8be\">\n      <div class=\"u-clearfix u-sheet u-valign-middle u-sheet-1\">\n        <div class=\"data-layout-selected u-clearfix u-expanded-width u-layout-wrap u-layout-wrap-1\">\n          <div class=\"u-layout\">\n            <div class=\"u-layout-row\">\n              <div class=\"u-align-justify u-container-style u-layout-cell u-size-30 u-layout-cell-1\">\n                <div class=\"u-container-layout u-valign-middle u-container-layout-1\">\n                  <p class=\"u-text u-text-default u-text-1\" data-animation-name=\"customAnimationIn\" data-animation-duration=\"2000\"> \u015awiadczymy kompleksowe us\u0142ugi podmiotu zewn\u0119trznego obs\u0142uguj\u0105cego zg\u0142oszenia naruszenia prawa kierowane na podstawie przepis\u00f3w Dyrektywy Parlamentu Europejskiego i Rady (UE) 2019\/1937 z dnia 23 pa\u017adziernika 2019 r. w sprawie ochrony os\u00f3b zg\u0142aszaj\u0105cych naruszenia prawa Unii oraz Ustawy z dnia 14 czerwca 2024 r. o ochronie sygnalist\u00f3w. Wdra\u017camy r\u00f3wnie\u017c rozwi\u0105zania IT wspieraj\u0105ce zarz\u0105dzanie wiedz\u0105 oraz informacjami poprzez zintegrowane platformy zg\u0142oszeniowe dzia\u0142aj\u0105ce w ramach program\u00f3w usprawnie\u0144 pracowniczych, w tym sta\u0142ego monitorowania, ograniczenia ryzyka i eliminacji dzia\u0142a\u0144 niepo\u017c\u0105danych w relacjach pracowniczych.&nbsp;<\/p>\n                <\/div>\n              <\/div>\n              <div class=\"u-container-style u-layout-cell u-size-30 u-layout-cell-2\">\n                <div class=\"u-container-layout u-container-layout-2\">\n                  <img decoding=\"async\" class=\"u-expanded-height u-image u-image-contain u-image-1\" src=\"https:\/\/signalert.pl\/wp-content\/uploads\/2023\/12\/ad3a42158fcbef1c9a654fb0e4b73b708ac6bcdd3b8c56e12f5f797b1de278b822a7eabbecfcecd82abdfca8e90c46e6adaab541a07515b4afc4e0_1280.png\" data-image-width=\"1140\" data-image-height=\"1074\" data-animation-name=\"customAnimationIn\" data-animation-duration=\"1000\" data-animation-out=\"0\">\n                <\/div>\n              <\/div>\n            <\/div>\n          <\/div>\n        <\/div>\n      <\/div>\n    <\/section>\n    <section class=\"u-align-left u-clearfix u-container-align-left u-section-3\" id=\"sec-c983\">\n      <div class=\"u-clearfix u-sheet u-sheet-1\">\n        <div class=\"fr-view u-align-left u-clearfix u-rich-text u-text u-text-1\" data-animation-name=\"customAnimationIn\" data-animation-duration=\"1000\" data-animation-out=\"0\">\n          <p id=\"isPasted\" style=\"text-align: justify; line-height: 1.8;\"><span style=\"font-size: 0.8571428571428571rem;\">Buduj\u0105c projekt, jakim jest signAlert kierowali\u015bmy si\u0119 swoim bogatym do\u015bwiadczeniem zwi\u0105zanym z zarz\u0105dzaniem zgodno\u015bci\u0105 i Compliance. R\u00f3wnie\u017c ze wzgl\u0119du na do\u015bwiadczenie legislacyjne mieli\u015bmy mo\u017cliwo\u015b\u0107 szerokiego spojrzenia na Dyrektyw\u0119 UE o ochronie sygnalist\u00f3w i jej zwi\u0105zki z systemem prawa pracy oraz obowi\u0105zki organizacji w zakresie przestrzegania przepis\u00f3w powi\u0105zanych, w tym przeciwdzia\u0142ania zachowaniom i zdarzeniom niepo\u017c\u0105danym oraz kryzysowym.&nbsp;<\/span>\n          <\/p>\n          <p style=\"text-align: justify; line-height: 1.8;\"><span style=\"font-size: 0.8571428571428571rem;\">Od wielu lat pomagamy pracodawcom w stosowaniu zgodno\u015bci zarz\u0105dzania ryzykiem, w szczeg\u00f3lno\u015bci w obszarze prawa pracy wyznaj\u0105c zasad\u0119, \u017ce profilaktyka jest skuteczniejsza ni\u017c mierzenie si\u0119 z zaniechaniami i zaniedbaniami w prowadzeniu dzia\u0142alno\u015bci. Koszty post\u0119powa\u0144 s\u0105dowych i kary s\u0105 znacznie bardziej dotkliwe ni\u017c koszty dbania o bezpiecze\u0144stwo prawne. Prowadzimy audyty Compliance, wdra\u017camy \u0142ad korporacyjny i pe\u0142n\u0105 dokumentacj\u0119 prawn\u0105, kt\u00f3ra ma stanowi\u0107 \u0142atwe do zastosowania, przejrzyste i skuteczne narz\u0105dzie, tak aby przedsi\u0119biorca m\u00f3g\u0142 prowadzi\u0107 dzia\u0142alno\u015b\u0107 biznesow\u0105 nie martwi\u0105c si\u0119 o zgodno\u015b\u0107 dzia\u0142ania z przepisami prawa.<\/span>\n          <\/p>\n          <p style=\"text-align: justify; line-height: 1.8;\"><span style=\"font-size: 0.8571428571428571rem;\">Swoj\u0105 profesjonaln\u0105 dzia\u0142alno\u015b\u0107 doradcz\u0105 wspieramy udzia\u0142em w licznych konferencjach dotycz\u0105cych Compliance, czy realizacj\u0105 projekt\u00f3w badawczych, czego pionierskim w Polsce przyk\u0142adem jest zako\u0144czony w 2023 roku pod auspicjami Fundacji im. Friedricha Eberta&nbsp;<\/span><span style=\"font-weight: 700; font-size: 0.857143rem;\">projekt badawczy dotycz\u0105cy zg\u0142aszania narusze\u0144 prawa jako realizacji cel\u00f3w Dyrektywy UE o ochronie sygnalist\u00f3w wraz z wydan\u0105 ksi\u0105\u017ck\u0105 pod tym samym tytu\u0142em, kt\u00f3ra stanowi praktyczny przewodnik po przepisach i ich stosowaniu przez przedsi\u0119biorc\u00f3w.<\/span>\n          <\/p>\n          <p style=\"text-align: justify; line-height: 1.8;\"><span style=\"font-size: 0.8571428571428571rem;\">\u017beby jednak zrozumie\u0107 instytucj\u0119 sygnalisty, jak r\u00f3wnie\u017c kontekst zg\u0142osze\u0144 innego rodzaju, w tym s\u0142u\u017c\u0105cych do usprawniania procesu ci\u0105g\u0142ego doskonalenia organizacji nale\u017cy posiada\u0107 szerok\u0105 wiedz\u0119 w zakresie funkcjonowania biznesu. signAlert jest projektem rozumiej\u0105cym problemy, z jakimi mierz\u0105 si\u0119 przedsi\u0119biorcy. Ponadto nasze wsp\u00f3lne do\u015bwiadczenia w zakresie stosowania system\u00f3w informatycznych do zarz\u0105dzania personelem, wiedz\u0105 oraz informacjami przynios\u0142y efekty w postaci stworzenia unikatowego, bezpiecznego kana\u0142u do obs\u0142ugi zg\u0142osze\u0144 kierowanych przez sygnalist\u00f3w PROLEGAL24 oraz oprogramowania wspomagaj\u0105cego procesy decyzyjne oparte na kulturze zaufania oraz p\u0142ynnej i otwartej komunikacji w celu monitorowania oraz eliminacji dzia\u0142a\u0144 niepo\u017c\u0105danych w pionowych i poziomych relacjach pracowniczych.&nbsp;<\/span>\n          <\/p>\n          <p style=\"text-align: justify; line-height: 1.8;\">\n            <br>\n          <\/p>\n        <\/div>\n        <p class=\"u-align-right u-text u-text-2\"><i>&nbsp;<\/i>\n        <\/p>\n      <\/div>\n    <\/section>\n    \n    \n    \n  \n","protected":false},"excerpt":{"rendered":"<p>\u015awiadczymy kompleksowe us\u0142ugi podmiotu zewn\u0119trznego obs\u0142uguj\u0105cego zg\u0142oszenia naruszenia prawa kierowane na podstawie przepis\u00f3w Dyrektywy Parlamentu Europejskiego i Rady (UE) 2019\/1937 z dnia 23 pa\u017adziernika 2019 r. w sprawie ochrony os\u00f3b zg\u0142aszaj\u0105cych naruszenia prawa Unii oraz Ustawy z dnia 14 czerwca 2024 r. o ochronie sygnalist\u00f3w. Wdra\u017camy r\u00f3wnie\u017c rozwi\u0105zania IT wspieraj\u0105ce zarz\u0105dzanie wiedz\u0105 oraz informacjami poprzez &hellip; <a href=\"https:\/\/signalert.pl\/index.php\/o-nas-6\/\" class=\"more-link\">Continue reading<span class=\"screen-reader-text\"> &#8220;O nas&#8221;<\/span><\/a><\/p>\n","protected":false},"author":1,"featured_media":0,"parent":0,"menu_order":0,"comment_status":"closed","ping_status":"closed","template":"","meta":{"footnotes":""},"class_list":["post-229","page","type-page","status-publish","hentry"],"jetpack_sharing_enabled":true,"_links":{"self":[{"href":"https:\/\/signalert.pl\/index.php\/wp-json\/wp\/v2\/pages\/229","targetHints":{"allow":["GET"]}}],"collection":[{"href":"https:\/\/signalert.pl\/index.php\/wp-json\/wp\/v2\/pages"}],"about":[{"href":"https:\/\/signalert.pl\/index.php\/wp-json\/wp\/v2\/types\/page"}],"author":[{"embeddable":true,"href":"https:\/\/signalert.pl\/index.php\/wp-json\/wp\/v2\/users\/1"}],"replies":[{"embeddable":true,"href":"https:\/\/signalert.pl\/index.php\/wp-json\/wp\/v2\/comments?post=229"}],"version-history":[{"count":22,"href":"https:\/\/signalert.pl\/index.php\/wp-json\/wp\/v2\/pages\/229\/revisions"}],"predecessor-version":[{"id":1190,"href":"https:\/\/signalert.pl\/index.php\/wp-json\/wp\/v2\/pages\/229\/revisions\/1190"}],"wp:attachment":[{"href":"https:\/\/signalert.pl\/index.php\/wp-json\/wp\/v2\/media?parent=229"}],"curies":[{"name":"wp","href":"https:\/\/api.w.org\/{rel}","templated":true}]}}