{"id":128,"date":"2023-09-28T13:53:34","date_gmt":"2023-09-28T13:53:34","guid":{"rendered":"https:\/\/signalert.pl\/index.php\/lost-password\/"},"modified":"2024-01-23T16:26:36","modified_gmt":"2024-01-23T15:26:36","slug":"restartuj-haslo","status":"publish","type":"page","link":"https:\/\/signalert.pl\/index.php\/restartuj-haslo\/","title":{"rendered":"Zapomniane has\u0142o"},"content":{"rendered":"<p>Wpisz poni\u017cej swoj\u0105 nazw\u0119 u\u017cytkownika lub adres e-mail. Otrzymasz link do potwierdzenia \u017c\u0105dania za po\u015brednictwem poczty elektronicznej. Otrzymane zostanie nowe wygenerowane has\u0142o, kt\u00f3re mo\u017cna p\u00f3\u017aniej zmieni\u0107 na stronie Moje konto.<\/p>\n\r\n\r\n<div class=\"uap-pass-form-wrap uap-login-template-12\">\r\r\n\t\r\n\t<form method=\"post\" >\r\r\n\t\t<input type=\"hidden\" name=\"uap_reset_password_nonce\" value=\"01d9b8bcba\" \/>\r\r\n\t\t<input name=\"uapaction\" type=\"hidden\" value=\"reset_pass\">\r\r\n\r\r\n\t\r\n\t\t\t\t\t<div class=\"uap-form-line-fr\">\r\r\n\t\t\t\t\t\t<i class=\"fa-uap fa-username-uap\"><\/i>\r\r\n\t\t\t\t\t\t<input type=\"text\" value=\"\" name=\"email_or_userlogin\" placeholder=\"Nazwa u\u017cytkownika lub adres e-mail\" \/>\r\r\n\t\t\t\t\t<\/div>\r\r\n\t\t\t\t\t<div class=\"uap-form-line-fr uap-form-submit\">\r\r\n\t\t\t\t\t\t<input type=\"submit\" value=\"Zresetuj has\u0142o\" name=\"Submit\" class=\"button button-primary button-large uap-reset-password-button\" \/>\r\r\n\t\t\t\t\t<\/div>\r\r\n\t\t\t\t\r\n\r\r\n\t<\/form>\r\r\n\r\r\n<\/div>\r\r\n\n","protected":false},"excerpt":{"rendered":"<p>Wpisz poni\u017cej swoj\u0105 nazw\u0119 u\u017cytkownika lub adres e-mail. Otrzymasz link do potwierdzenia \u017c\u0105dania za po\u015brednictwem poczty elektronicznej. Otrzymane zostanie nowe wygenerowane has\u0142o, kt\u00f3re mo\u017cna p\u00f3\u017aniej zmieni\u0107 na stronie Moje konto.<\/p>\n","protected":false},"author":1,"featured_media":0,"parent":0,"menu_order":0,"comment_status":"closed","ping_status":"closed","template":"","meta":{"footnotes":""},"class_list":["post-128","page","type-page","status-publish","hentry"],"jetpack_sharing_enabled":true,"_links":{"self":[{"href":"https:\/\/signalert.pl\/index.php\/wp-json\/wp\/v2\/pages\/128","targetHints":{"allow":["GET"]}}],"collection":[{"href":"https:\/\/signalert.pl\/index.php\/wp-json\/wp\/v2\/pages"}],"about":[{"href":"https:\/\/signalert.pl\/index.php\/wp-json\/wp\/v2\/types\/page"}],"author":[{"embeddable":true,"href":"https:\/\/signalert.pl\/index.php\/wp-json\/wp\/v2\/users\/1"}],"replies":[{"embeddable":true,"href":"https:\/\/signalert.pl\/index.php\/wp-json\/wp\/v2\/comments?post=128"}],"version-history":[{"count":1,"href":"https:\/\/signalert.pl\/index.php\/wp-json\/wp\/v2\/pages\/128\/revisions"}],"predecessor-version":[{"id":423,"href":"https:\/\/signalert.pl\/index.php\/wp-json\/wp\/v2\/pages\/128\/revisions\/423"}],"wp:attachment":[{"href":"https:\/\/signalert.pl\/index.php\/wp-json\/wp\/v2\/media?parent=128"}],"curies":[{"name":"wp","href":"https:\/\/api.w.org\/{rel}","templated":true}]}}