{"id":125,"date":"2023-09-28T13:53:34","date_gmt":"2023-09-28T13:53:34","guid":{"rendered":"https:\/\/signalert.pl\/index.php\/become-an-affiliate\/"},"modified":"2024-03-12T16:38:07","modified_gmt":"2024-03-12T15:38:07","slug":"zostan-partnerem","status":"publish","type":"page","link":"https:\/\/signalert.pl\/index.php\/zostan-partnerem\/","title":{"rendered":"Zosta\u0144 naszym partnerem"},"content":{"rendered":"\n    \n    <section class=\"u-clearfix u-section-2\" id=\"sec-72ef\">\n      <div class=\"u-clearfix u-sheet u-sheet-1\">\n        <h2 class=\"u-text u-text-default u-text-1\">Zosta\u0144 naszym partnerem<\/h2>\n        <p class=\"u-text u-text-default u-text-2\"> Do\u0142\u0105cz do naszego programu partnerskiego i zarabiaj prowizj\u0119 od ka\u017cdej udanej sprzeda\u017cy, kt\u00f3r\u0105 polecisz lub rejestracji nowego klienta. Aplikuj ju\u017c dzi\u015b!&nbsp;<br>\r\n<div class=\"uap-register-form  uap-register-12\">\r\r\n\r\r\n\t\r\n\r\r\n\t<form action=\"\" method=\"post\" name=\"uap_createuser\" id=\"uap_createuser\" class=\"uap-form-create-edit\" enctype=\"multipart\/form-data\"  >\r\r\n\r\r\n\t\t\r\n\r\r\n\t\t\r\n\t\t\t\r\n\t\t\t\t\r\n\t\t\t\t\t\t\t<div class=\"uap-register-col\">\r\r\n\t\t\t\t\t\t\r\n\t\t\t\t\t\r\n\t\t\t\t\t<div class=\"uap-form-line-register uap-form-text\" id=\"uap_reg_text_6358\"><label class=\"uap-labels-register\">Nazwa u\u017cytkownika<span class=\"uap-color-red\">*<\/span><\/label><input type=\"text\" name=\"user_login\" id=\"uap_user_login_field\" class=\"uap-form-element uap-form-element-text \" value=\"\" placeholder=\"\"   \/><\/div>\r\n\t\t\t\r\n\t\t\t\t\r\n\t\t\t\t\t\r\n\t\t\t\t\t<div class=\"uap-form-line-register uap-form-text\" id=\"uap_reg_text_3361\"><label class=\"uap-labels-register\">E-mail<span class=\"uap-color-red\">*<\/span><\/label><input type=\"text\" name=\"user_email\" id=\"uap_user_email_field\" class=\"uap-form-element uap-form-element-text \" value=\"\" placeholder=\"\"   \/><\/div>\r\n\t\t\t\r\n\t\t\t\t\r\n\t\t\t\t\r\n\t\t\t\t\t\r\n\t\t\t\t\t<div class=\"uap-form-line-register uap-form-text\" id=\"uap_reg_text_682\"><label class=\"uap-labels-register\">Nazwa firmy<span class=\"uap-color-red\">*<\/span><\/label><input type=\"text\" name=\"company_name\" id=\"uap_company_name_field\" class=\"uap-form-element uap-form-element-text \" value=\"\" placeholder=\"\"   \/><\/div>\r\n\t\t\t\r\n\t\t\t\t\r\n\t\t\t\t\t\r\n\t\t\t\t\t<div class=\"uap-form-line-register uap-form-number\" id=\"uap_reg_number_88\"><label class=\"uap-labels-register\">NIP<span class=\"uap-color-red\">*<\/span><\/label><input type=\"number\" name=\"nip\" id=\"uap_nip_field\" class=\"uap-form-element uap-form-element-number \" value=\"\"    \/><\/div>\r\n\t\t\t\r\n\t\t\t\t\r\n\t\t\t\t\t\r\n\t\t\t\t\t<div class=\"uap-form-line-register uap-form-text\" id=\"uap_reg_text_4343\"><label class=\"uap-labels-register\">Imi\u0119<\/label><input type=\"text\" name=\"first_name\" id=\"uap_first_name_field\" class=\"uap-form-element uap-form-element-text \" value=\"\" placeholder=\"\"   \/><\/div>\r\n\t\t\t\r\n\t\t\t\t\r\n\t\t\t\t\t\r\n\t\t\t\t\t<div class=\"uap-form-line-register uap-form-text\" id=\"uap_reg_text_746\"><label class=\"uap-labels-register\">Nazwisko<\/label><input type=\"text\" name=\"last_name\" id=\"uap_last_name_field\" class=\"uap-form-element uap-form-element-text \" value=\"\" placeholder=\"\"   \/><\/div>\r\n\t\t\t\r\n\t\t\t\t\r\n\t\t\t\t\r\n\t\t\t\t\t\r\n\t\t\t\t\t<div class=\"uap-form-line-register uap-form-password\" id=\"uap_reg_password_9617\"><label class=\"uap-labels-register\">Has\u0142o<span class=\"uap-color-red\">*<\/span><\/label><input type=\"password\" name=\"pass1\" id=\"uap_pass1_field\" class=\"uap-form-element uap-form-element-password \" value=\"\" placeholder=\"\"  data-rules=\"6,3\"  autocomplete=\"new-password\" \/><div class=\"uap-strength-wrapper\"><ul class=\"uap-strength\"><li class=\"point\"><\/li><li class=\"point\"><\/li><li class=\"point\"><\/li><li class=\"point\"><\/li><li class=\"point\"><\/li><\/ul><div class=\"uap-strength-label\"><\/div><\/div><\/div>\r\n\t\t\t\r\n\t\t\t\t\r\n\t\t\t\t\t\r\n\t\t\t\t\t<div class=\"uap-form-line-register uap-form-password\" id=\"uap_reg_password_2339\"><label class=\"uap-labels-register\">Potwierd\u017a has\u0142o<span class=\"uap-color-red\">*<\/span><\/label><input type=\"password\" name=\"pass2\" id=\"uap_pass2_field\" class=\"uap-form-element uap-form-element-password \" value=\"\" placeholder=\"\"  data-rules=\"6,3\"  autocomplete=\"new-password\" \/><div class=\"uap-strength-wrapper\"><ul class=\"uap-strength\"><li class=\"point\"><\/li><li class=\"point\"><\/li><li class=\"point\"><\/li><li class=\"point\"><\/li><li class=\"point\"><\/li><\/ul><div class=\"uap-strength-label\"><\/div><\/div><\/div>\r\n\t\t\t\r\n\t\t\t\t\r\n\t\t\t\t\r\n\t\t\t\t\t\r\n\t\t\t\t\t<div class=\"uap-form-line-register uap-form-number\" id=\"uap_reg_number_4289\"><label class=\"uap-labels-register\">Telefon<span class=\"uap-color-red\">*<\/span><\/label><input type=\"number\" name=\"phone\" id=\"uap_phone_field\" class=\"uap-form-element uap-form-element-number \" value=\"\"    \/><\/div>\r\n\t\t\t\r\n\t\t\t\t\r\n\t\t\t\t\t\t\t<\/div><div class=\"uap-register-col\">\r\r\n\t\t\t\t\t\t\r\n\t\t\t\t\t\r\n\t\t\t\t\t<div class=\"uap-form-line-register uap-form-textarea\" id=\"uap_reg_textarea_6851\"><label class=\"uap-labels-register\">Adres<span class=\"uap-color-red\">*<\/span><\/label><textarea name=\"addr1\" id=\"uap_addr1_field\" class=\"uap-form-element uap-form-element-textarea uap-form-textarea \"   ><\/textarea><\/div>\r\n\t\t\t\r\n\t\t\t\t\r\n\t\t\t\t\r\n\t\t\t\t\t\r\n\t\t\t\t\t<div class=\"uap-form-line-register uap-form-text\" id=\"uap_reg_text_8499\"><label class=\"uap-labels-register\">Kod pocztowy<span class=\"uap-color-red\">*<\/span><\/label><input type=\"text\" name=\"zip\" id=\"uap_zip_field\" class=\"uap-form-element uap-form-element-text \" value=\"\" placeholder=\"\"   \/><\/div>\r\n\t\t\t\r\n\t\t\t\t\r\n\t\t\t\t\t\r\n\t\t\t\t\t<div class=\"uap-form-line-register uap-form-text\" id=\"uap_reg_text_4792\"><label class=\"uap-labels-register\">Miasto<span class=\"uap-color-red\">*<\/span><\/label><input type=\"text\" name=\"city\" id=\"uap_city_field\" class=\"uap-form-element uap-form-element-text \" value=\"\" placeholder=\"\"   \/><\/div>\r\n\t\t\t\r\n\t\t\t\t\r\n\t\t\t\t\r\n\t\t\t\t\r\n\t\t\t\t\r\n\t\t\t\t\t\r\n\t\t\t\t\t\r\r\n    <div class=\"js-uap-recaptcha-v3-item\"><\/div>\r\r\r\n    <span class=\"uap-js-register-captcha-key\" data-value=\"6LdLjlkpAAAAAC3jslmlOgi-tNeLDKfQVvlZrSTS\"><\/span>\r\r\r\n    \r\n\r\r\n\r\n\t\t\t\r\n\t\t\t\t\r\n\t\t\t\t\r\n\t\t\t\t\r\n\t\t\t\t\r\n\t\t\t\t\t\r\n\t\t\t\t\t<div class=\"uap-form-line-register uap-form-plain_text\" id=\"uap_reg_plain_text_6610\"><label class=\"uap-labels-register\">Klauzula informacyjna RODO<\/label><div style=\"clear: both;height: 45px\">\r\n\r\n<img loading=\"lazy\" decoding=\"async\" class=\" wp-image-545 alignleft\" src=\"https:\/\/signalert.pl\/wp-content\/uploads\/2024\/01\/3143460-1.png\" alt=\"\" width=\"30\" height=\"30\" srcset=\"https:\/\/signalert.pl\/wp-content\/uploads\/2024\/01\/3143460-1.png 128w, https:\/\/signalert.pl\/wp-content\/uploads\/2024\/01\/3143460-1-100x100.png 100w\" sizes=\"auto, (max-width: 30px) 85vw, 30px\" \/>\r\n\r\n<a href=\"https:\/\/signalert.pl\/wp-content\/uploads\/2024\/01\/KlauzulainformacyjnaRODOsignAlert.pdf\" target=\"_blank\" rel=\"noopener\">Klauzula informacyjna RODO signAlert.pdf<\/a>\r\n\r\n<\/div><\/div>\r\n\t\t\t\r\n\t\t\t\t\r\n\t\t\t\t\t\r\n\t\t\t\t\t<div class=\"uap-form-line-register uap-form-checkbox\" id=\"uap_reg_checkbox_5062\"><label class=\"uap-labels-register\">O\u015bwiadczam, \u017ce zapozna\u0142em si\u0119 z klauzul\u0105 informacyjn\u0105 RODO dotycz\u0105c\u0105 przetwarzania moich danych osobowych<span class=\"uap-color-red\">*<\/span><\/label><div class=\"uap-form-checkbox-wrapper\" id=\"uap_checkbox_parent_675\"><div class=\"uap-form-checkbox\"><input type=\"checkbox\" name=\"klauzularodo[]\" id=\"uap_klauzularodo_field\" class=\"uap-form-element uap-form-element-checkbox \" value=\"Akceptuj\u0119\"     \/>Akceptuj\u0119<\/div><\/div><\/div>\r\n\t\t\t\r\n\t\t\t\t\r\n\t\t\t\t\t\r\n\t\t\t\t\t<div class=\"uap-form-line-register uap-form-plain_text\" id=\"uap_reg_plain_text_7219\"><label class=\"uap-labels-register\">Og\u00f3lne warunki umowy<\/label><div style=\"clear: both;height: 45px\">\r\n\r\n<img loading=\"lazy\" decoding=\"async\" class=\" wp-image-545 alignleft\" src=\"https:\/\/signalert.pl\/wp-content\/uploads\/2024\/01\/3143460-1.png\" alt=\"\" width=\"30\" height=\"30\" srcset=\"https:\/\/signalert.pl\/wp-content\/uploads\/2024\/01\/3143460-1.png 128w, https:\/\/signalert.pl\/wp-content\/uploads\/2024\/01\/3143460-1-100x100.png 100w\" sizes=\"auto, (max-width: 30px) 85vw, 30px\" \/>\r\n\r\n<a href=\"https:\/\/signalert.pl\/wp-content\/uploads\/2024\/01\/zm.OWUDLAPARTNERA.pdf\" target=\"_blank\" rel=\"noopener\">Og\u00f3lne warunki umowy dla partnera.pdf<\/a>\r\n\r\n<\/div><\/div>\r\n\t\t\t\r\n\t\t\t\t\r\n\t\t\t\t\t\r\n\t\t\t\t\t<div class=\"uap-form-line-register uap-form-checkbox\" id=\"uap_reg_checkbox_4442\"><label class=\"uap-labels-register\">O\u015bwiadczam, \u017ce zapozna\u0142em si\u0119 Og\u00f3lnymi Warunkami \u015awiadczenia Us\u0142ug przez Partnera i akceptuj\u0119 ich tre\u015b\u0107.<span class=\"uap-color-red\">*<\/span><\/label><div class=\"uap-form-checkbox-wrapper\" id=\"uap_checkbox_parent_622\"><div class=\"uap-form-checkbox\"><input type=\"checkbox\" name=\"ppowuregulamin[]\" id=\"uap_ppowuregulamin_field\" class=\"uap-form-element uap-form-element-checkbox \" value=\"Akceptuj\u0119\"     \/>Akceptuj\u0119<\/div><\/div><\/div>\r\n\t\t\t\r\n\t\t\t\t\r\n\t\t\t\t\r\n\t\t\r\n\t\t\r\n\t\t\t<\/div>\r\r\n\t\t\r\n\t\t\r\n\t\t\r\n\t\t\t\r\n\t\t\t\t<input type='hidden' name='uap_user_add_edit_nonce' value='4c803cacb8' \/>\r\n\t\t\t\r\n\t\t\t\t<input type=\"hidden\" name=\"uapaction\" id=\"uap_uapaction_field\" class=\"uap-form-element uap-form-element-hidden \" value=\"register\"  \/>\r\n\t\t\t\r\n\t\t\r\n\r\r\n\t\t<p class=\"uap-form-line-register uap-fair-checkout-reward-wrapper\">\r\r\n\t\r\n\t\t<label>Partner<\/label>\r\r\n\t\r\n\t\t\r\n\t\t\t<input type=\"text\" value=\"\" name=\"uap_affiliate_username_text\" class=\"\"  onBlur=\"uapAffiliateUsernameTest(this.value);\" id=\"uap_affiliate_username_text\"\/>\r\r\n\t\t\r\n<\/p>\r\r\n\r\n\r\r\n\t\t\r\n\r\r\n\t\t<div class=\"uap-submit-form\">\r\r\n\t\t\t<input type=\"submit\" value=\"Rejestr\" name=\"Submit\" id=\"uap_submit_bttn\" class=\"uap-form-element uap-form-element-submit \"   \/>\r\n\t\t<\/div>\r\r\n\r\r\n        \r\n\r\r\n\t\t\r\n\r\r\n\t\t\r\n\r\r\n\t<\/form>\r\r\n<\/div>\r\r\n\r\r\n\r\n\t\r\n\r\n<div class=\"uap-public-trial-version\">\r\r\n\tThis is a Trial Version of  <strong><a href=\"https:\/\/ultimateaffiliate.pro\/\" target=\"_blank\">Ultimate Affiliate Pro<\/a><\/strong> plugin. Please add your Code into Licensing section to enable the Full Ultimate Affiliate Pro Version.\r\n<\/div>\r\r\n\n        <\/p>\n      <\/div>\n    <\/section>\n    \n    \n    \n  \n","protected":false},"excerpt":{"rendered":"<p>Zosta\u0144 naszym partnerem Do\u0142\u0105cz do naszego programu partnerskiego i zarabiaj prowizj\u0119 od ka\u017cdej udanej sprzeda\u017cy, kt\u00f3r\u0105 polecisz lub rejestracji nowego klienta. Aplikuj ju\u017c dzi\u015b!&nbsp; Nazwa u\u017cytkownika* E-mail* Nazwa firmy* NIP* Imi\u0119 Nazwisko Has\u0142o* Potwierd\u017a has\u0142o* Telefon* Adres* Kod pocztowy* Miasto* Klauzula informacyjna RODO Klauzula informacyjna RODO signAlert.pdf O\u015bwiadczam, \u017ce zapozna\u0142em si\u0119 z klauzul\u0105 informacyjn\u0105 RODO &hellip; <a href=\"https:\/\/signalert.pl\/index.php\/zostan-partnerem\/\" class=\"more-link\">Continue reading<span class=\"screen-reader-text\"> &#8220;Zosta\u0144 naszym partnerem&#8221;<\/span><\/a><\/p>\n","protected":false},"author":1,"featured_media":0,"parent":0,"menu_order":0,"comment_status":"closed","ping_status":"closed","template":"","meta":{"footnotes":""},"class_list":["post-125","page","type-page","status-publish","hentry"],"jetpack_sharing_enabled":true,"_links":{"self":[{"href":"https:\/\/signalert.pl\/index.php\/wp-json\/wp\/v2\/pages\/125","targetHints":{"allow":["GET"]}}],"collection":[{"href":"https:\/\/signalert.pl\/index.php\/wp-json\/wp\/v2\/pages"}],"about":[{"href":"https:\/\/signalert.pl\/index.php\/wp-json\/wp\/v2\/types\/page"}],"author":[{"embeddable":true,"href":"https:\/\/signalert.pl\/index.php\/wp-json\/wp\/v2\/users\/1"}],"replies":[{"embeddable":true,"href":"https:\/\/signalert.pl\/index.php\/wp-json\/wp\/v2\/comments?post=125"}],"version-history":[{"count":2,"href":"https:\/\/signalert.pl\/index.php\/wp-json\/wp\/v2\/pages\/125\/revisions"}],"predecessor-version":[{"id":767,"href":"https:\/\/signalert.pl\/index.php\/wp-json\/wp\/v2\/pages\/125\/revisions\/767"}],"wp:attachment":[{"href":"https:\/\/signalert.pl\/index.php\/wp-json\/wp\/v2\/media?parent=125"}],"curies":[{"name":"wp","href":"https:\/\/api.w.org\/{rel}","templated":true}]}}